{"id":831,"date":"2024-04-17T02:25:16","date_gmt":"2024-04-17T00:25:16","guid":{"rendered":"https:\/\/ergovox.com\/preisgestaltung\/"},"modified":"2024-09-09T12:17:19","modified_gmt":"2024-09-09T10:17:19","slug":"preisgestaltung","status":"publish","type":"page","link":"https:\/\/ergovox.com\/de\/preisgestaltung\/","title":{"rendered":"Preise"},"content":{"rendered":"<p>[et_pb_section fb_built=&#8220;1&#8243; _builder_version=&#8220;4.27.0&#8243; _module_preset=&#8220;default&#8220; background_color=&#8220;#C1F6ED&#8220; use_background_color_gradient=&#8220;on&#8220; background_color_gradient_direction=&#8220;360deg&#8220; background_color_gradient_stops=&#8220;#161515 0%|#02353c 100%&#8220; global_colors_info=&#8220;{}&#8220;][et_pb_row _builder_version=&#8220;4.27.0&#8243; _module_preset=&#8220;default&#8220; global_colors_info=&#8220;{}&#8220;][et_pb_column type=&#8220;4_4&#8243; _builder_version=&#8220;4.27.0&#8243; _module_preset=&#8220;default&#8220; global_colors_info=&#8220;{}&#8220;][et_pb_code _builder_version=&#8220;4.27.0&#8243; _module_preset=&#8220;default&#8220; global_colors_info=&#8220;{}&#8220;]<script async src=\"https:\/\/js.stripe.com\/v3\/pricing-table.js\"><\/script><!-- [et_pb_line_break_holder] --><stripe-pricing-table pricing-table-id=\"prctbl_1Pg7fxG5bsG0feya9CMWCNdg\"<!-- [et_pb_line_break_holder] -->publishable-key=&#8220;pk_live_51Pg76aG5bsG0feyaEc1Nyn8PrturtH2237bjGH7cay4U5fwWiJy6Y4ZkNROekBZJExPVjON45cVIKsDVsUHx1a2m00NHRVkw4r&#8220;><!-- [et_pb_line_break_holder] --><\/stripe-pricing-table>[\/et_pb_code][et_pb_text _builder_version=&#8220;4.27.0&#8243; _module_preset=&#8220;default&#8220; text_text_color=&#8220;#C1F6ED&#8220; text_font_size=&#8220;12px&#8220; text_orientation=&#8220;center&#8220; background_layout=&#8220;dark&#8220; global_colors_info=&#8220;{}&#8220;]<\/p>\n<div class=\"et_pb_module et_pb_text et_pb_text_6  et_pb_text_align_center et_pb_bg_layout_dark\">\n<div class=\"et_pb_text_inner\">\n<p>*ohne MwSt. Bitte kontaktieren Sie uns, wenn Sie ein ma\u00dfgeschnittenes Angebot ben\u00f6tigen.<\/p>\n<p>Wenn Sie Ihr Abonnement anpassen m\u00f6chten, besuchen Sie diesen<span> <a href=\"https:\/\/billing.stripe.com\/p\/login\/00gaFcdz1feUaMo000\" target=\"_blank\" rel=\"noopener\" title=\"billing stripe\">Link<\/a>,<\/span>, oder finden Sie \u201eMein ABO\u201c in Ihrem ErgoVox Dashboard.<\/p>\n<\/div>\n<\/div>\n<p>[\/et_pb_text][\/et_pb_column][\/et_pb_row][\/et_pb_section][et_pb_section fb_built=&#8220;1&#8243; admin_label=&#8220;FAQ&#8220; _builder_version=&#8220;4.27.0&#8243; _module_preset=&#8220;default&#8220; background_enable_color=&#8220;off&#8220; use_background_color_gradient=&#8220;on&#8220; background_color_gradient_stops=&#8220;#161515 0%|#02353c 100%&#8220; collapsed=&#8220;off&#8220; global_colors_info=&#8220;{}&#8220;][et_pb_row make_equal=&#8220;on&#8220; _builder_version=&#8220;4.24.2&#8243; _module_preset=&#8220;default&#8220; max_width=&#8220;1280px&#8220; global_colors_info=&#8220;{}&#8220;][et_pb_column type=&#8220;4_4&#8243; _builder_version=&#8220;4.22.0&#8243; _module_preset=&#8220;default&#8220; global_colors_info=&#8220;{}&#8220;][et_pb_text _builder_version=&#8220;4.27.0&#8243; _module_preset=&#8220;default&#8220; header_2_font=&#8220;&#8211;et_global_body_font|||on|||||&#8220; header_2_text_align=&#8220;center&#8220; custom_margin=&#8220;||10px||false|false&#8220; hover_enabled=&#8220;0&#8243; header_2_font_size_tablet=&#8220;45px&#8220; header_2_font_size_phone=&#8220;33px&#8220; header_2_font_size_last_edited=&#8220;on|phone&#8220; locked=&#8220;off&#8220; global_colors_info=&#8220;{}&#8220; sticky_enabled=&#8220;0&#8243; header_2_font_size=&#8220;40px&#8220;]<\/p>\n<h2>H\u00e4ufig gestellte Fragen<\/h2>\n<p>[\/et_pb_text][et_pb_accordion open_toggle_text_color=&#8220;#1CC29B&#8220; open_toggle_background_color=&#8220;rgba(255,255,255,0.91)&#8220; closed_toggle_background_color=&#8220;rgba(22,21,21,0.29)&#8220; icon_color=&#8220;#1CC29B&#8220; _builder_version=&#8220;4.27.0&#8243; _module_preset=&#8220;4630ca8a-79e1-4db1-a360-b5aa13745339&#8243; toggle_text_color=&#8220;#FFFFFF&#8220; toggle_font=&#8220;&#8211;et_global_body_font|500|||||||&#8220; toggle_font_size=&#8220;20px&#8220; body_font=&#8220;&#8211;et_global_body_font|300|||||||&#8220; body_text_color=&#8220;#161515&#8243; min_height=&#8220;592.2px&#8220; hover_enabled=&#8220;0&#8243; toggle_font_size_tablet=&#8220;20px&#8220; toggle_font_size_phone=&#8220;20px&#8220; toggle_font_size_last_edited=&#8220;on|phone&#8220; locked=&#8220;off&#8220; global_colors_info=&#8220;{}&#8220; sticky_enabled=&#8220;0&#8243;][et_pb_accordion_item title=&#8220;Kann ich meinen kostenlosen Testzeitraum verl\u00e4ngern?&#8220; open=&#8220;on&#8220; _builder_version=&#8220;4.22.0&#8243; _module_preset=&#8220;default&#8220; global_colors_info=&#8220;{}&#8220;]<\/p>\n<p>Ja, nat\u00fcrlich!<\/p>\n<p>Unsere Aufgabe ist es, Ihre Online-Reputation zu verbessern, indem wir Ihnen mehr 5-Sterne-Bewertungen verschaffen. Jedes Unternehmen ist anders und wir k\u00f6nnen nur so erfolgreich sein, wie Sie es sind. Wenn Sie nicht die gew\u00fcnschten Ergebnisse erzielen, stehen wir Ihnen gerne mit unserem Fachwissen und unseren Ressourcen zur Seite. Kontaktieren Sie uns f\u00fcr weitere Details.   <\/p>\n<p>[\/et_pb_accordion_item][et_pb_accordion_item title=&#8220;Mein Unternehmen hat noch keine Bewertungen. Ist ErgoVox die richtige L\u00f6sung f\u00fcr mich? &#8220; _builder_version=&#8220;4.22.0&#8243; _module_preset=&#8220;default&#8220; global_colors_info=&#8220;{}&#8220; open=&#8220;off&#8220;]<\/p>\n<div id=\"brxe-skhrjh\" class=\"brxe-block fr-faq-accordion-alpha__content-wrapper accordion-content-wrapper\" style=\"display: block;\">\n<div class=\"brxe-text fr-faq-accordion-alpha__text\">\n<p>Die Anmeldung bei kostenlosen Bewertungsplattformen, auf denen Kunden mehr \u00fcber Ihr Unternehmen erfahren k\u00f6nnen (Trustpilot, Yelp, Google Maps usw.), ist in der heutigen Zeit \u00fcberlebenswichtig f\u00fcr Unternehmen. Ganz gleich, auf welcher Bewertungsplattform Sie Ihre Bewertungen sammeln m\u00f6chten, die Plattform wird nicht wissen, wohin sie die Bewertungen senden soll, wenn Sie kein Konto haben.  <\/p>\n<\/div>\n<\/div>\n<p>&nbsp;<\/p>\n<p><span class=\"brxe-text-basic fr-checklist-alpha__text\">Auch ohne diese Profile k\u00f6nnen Kunden Ihnen privates Feedback oder Video-Testimonials hinterlassen. <\/span><\/p>\n<p><span class=\"brxe-text-basic fr-checklist-alpha__text\">Wenn Ihnen das zu abschreckend klingt, richten wir gegen eine geringe Geb\u00fchr gerne Ihre Integrationen und Profile ein.<\/span><\/p>\n<p>[\/et_pb_accordion_item][et_pb_accordion_item title=&#8220;K\u00f6nnen Sie mir mehr Bewertungen f\u00fcr mein Unternehmen garantieren?&#8220; _builder_version=&#8220;4.22.0&#8243; _module_preset=&#8220;default&#8220; global_colors_info=&#8220;{}&#8220; open=&#8220;off&#8220;]<\/p>\n<p><span class=\"brxe-text-basic fr-checklist-alpha__text\">Nein. Sie m\u00fcssen in der Lage sein, Ihre Kunden darauf anzusprechen, eine Bewertung zu hinterlassen. Wir machen es ihnen supereinfach, dies zu tun, aber einfach nur ein Schild auf einen Tisch zu legen, wird Ihnen nur minimale Ergebnisse bringen. Mit unseren Automatisierungen sind Sie in der Lage, personalisierte Nachrichten an jeden Kontakt zu senden.    <br \/><\/span><\/p>\n<p>[\/et_pb_accordion_item][et_pb_accordion_item title=&#8220;Wie zahle ich f\u00fcr den Service?&#8220; _builder_version=&#8220;4.22.0&#8243; _module_preset=&#8220;default&#8220; global_colors_info=&#8220;{}&#8220; open=&#8220;off&#8220;]<\/p>\n<p>Wir verwenden Stripe als Zahlungsanbieter und k\u00f6nnen alle g\u00e4ngigen Kreditkarten sowie Firmenschecks akzeptieren. Wenn Sie sich f\u00fcr ein monatliches Abonnement entscheiden, erhalten Sie jeden Monat an dem Tag, an dem Sie Ihr Abonnement begonnen haben, eine automatische Rechnung. <\/p>\n<p>[\/et_pb_accordion_item][et_pb_accordion_item title=&#8220;Was ist, wenn ich viele Standorte habe?&#8220; _builder_version=&#8220;4.22.0&#8243; _module_preset=&#8220;default&#8220; global_colors_info=&#8220;{}&#8220; open=&#8220;off&#8220;]<\/p>\n<p>Wenn Sie mehrere Standorte haben, wissen wir, dass sich der Preis f\u00fcr ErgoVox schnell summieren kann. Je nach Ihren Bed\u00fcrfnissen und dem Grad der Beteiligung der Agentur, den Sie w\u00fcnschen, k\u00f6nnen wir ein ma\u00dfgeschneidertes Angebot f\u00fcr Sie ausarbeiten. Zus\u00e4tzlich zu unseren Standardpl\u00e4nen bieten wir ein White-Label-Angebot an.  <\/p>\n<p>[\/et_pb_accordion_item][et_pb_accordion_item title=&#8220;Was ist ein White-Label-Deal?&#8220; _builder_version=&#8220;4.24.3&#8243; _module_preset=&#8220;default&#8220; global_colors_info=&#8220;{}&#8220; open=&#8220;off&#8220;]<\/p>\n<div id=\"brxe-glrdvs\" class=\"brxe-block fr-faq-accordion-alpha__content-wrapper accordion-content-wrapper\" style=\"display: block;\">\n<div class=\"brxe-text fr-faq-accordion-alpha__text\">\n<p> F\u00fcr Unternehmen mit vielen Standorten k\u00f6nnen Sie eine Installation von ErgoVox als White-Label anbieten. Das bedeutet, dass Sie das k\u00f6nnen: <\/p>\n<ul>\n<li>Ihr Firmenlogo hinzuf\u00fcgen<\/li>\n<li>Eigenes Branding<\/li>\n<li>Eigene Domain<\/li>\n<li>Unbegrenzt viele Standorte hinzuf\u00fcgen<\/li>\n<li>Unbegrenzt viele Benutzer\/Mitarbeiter hinzuf\u00fcgen<\/li>\n<\/ul>\n<p>Mit dem White Label k\u00f6nnen Sie als Ihre eigene Online Reputation Management Agentur agieren, mit ErgoVox als stillem Partner.<\/p>\n<p>&nbsp;<\/p>\n<p>&nbsp;<\/p>\n<\/div>\n<\/div>\n<p>[\/et_pb_accordion_item][et_pb_accordion_item title=&#8220;Was passiert mit meinen Bewertungen, wenn ich den Service k\u00fcndige?&#8220; _builder_version=&#8220;4.24.3&#8243; _module_preset=&#8220;default&#8220; global_colors_info=&#8220;{}&#8220; open=&#8220;off&#8220;]<\/p>\n<p>Ihre Bewertungen sind sicher. Wenn Sie mit ErgoVox unzufrieden sind, k\u00f6nnen Sie jederzeit k\u00fcndigen, indem Sie einfach Ihre Zahlungen einstellen. Die durch ErgoVox gewonnenen Bewertungen k\u00f6nnen Sie behalten.  <\/p>\n<p>[\/et_pb_accordion_item][\/et_pb_accordion][\/et_pb_column][\/et_pb_row][\/et_pb_section]<\/p>\n","protected":false},"excerpt":{"rendered":"<p>*ohne MwSt. Bitte kontaktieren Sie uns, wenn Sie ein ma\u00dfgeschnittenes Angebot ben\u00f6tigen. Wenn Sie Ihr Abonnement anpassen m\u00f6chten, besuchen Sie diesen Link,, oder finden Sie \u201eMein ABO\u201c in Ihrem ErgoVox Dashboard. H\u00e4ufig gestellte FragenJa, nat\u00fcrlich! Unsere Aufgabe ist es, Ihre Online-Reputation zu verbessern, indem wir Ihnen mehr 5-Sterne-Bewertungen verschaffen. Jedes Unternehmen ist anders und wir [&hellip;]<\/p>\n","protected":false},"author":2,"featured_media":0,"parent":0,"menu_order":0,"comment_status":"closed","ping_status":"closed","template":"","meta":{"_et_pb_use_builder":"on","_et_pb_old_content":"","_et_gb_content_width":"","footnotes":""},"class_list":["post-831","page","type-page","status-publish","hentry"],"_links":{"self":[{"href":"https:\/\/ergovox.com\/de\/wp-json\/wp\/v2\/pages\/831","targetHints":{"allow":["GET"]}}],"collection":[{"href":"https:\/\/ergovox.com\/de\/wp-json\/wp\/v2\/pages"}],"about":[{"href":"https:\/\/ergovox.com\/de\/wp-json\/wp\/v2\/types\/page"}],"author":[{"embeddable":true,"href":"https:\/\/ergovox.com\/de\/wp-json\/wp\/v2\/users\/2"}],"replies":[{"embeddable":true,"href":"https:\/\/ergovox.com\/de\/wp-json\/wp\/v2\/comments?post=831"}],"version-history":[{"count":10,"href":"https:\/\/ergovox.com\/de\/wp-json\/wp\/v2\/pages\/831\/revisions"}],"predecessor-version":[{"id":1164,"href":"https:\/\/ergovox.com\/de\/wp-json\/wp\/v2\/pages\/831\/revisions\/1164"}],"wp:attachment":[{"href":"https:\/\/ergovox.com\/de\/wp-json\/wp\/v2\/media?parent=831"}],"curies":[{"name":"wp","href":"https:\/\/api.w.org\/{rel}","templated":true}]}}